{"id":33776,"date":"2021-12-21T19:58:26","date_gmt":"2021-12-21T19:58:26","guid":{"rendered":"http:\/\/degrausconcursos.com.br\/?post_type=product&#038;p=991"},"modified":"2024-06-20T15:53:43","modified_gmt":"2024-06-20T18:53:43","slug":"colegio-militar-1-ano","status":"publish","type":"product","link":"https:\/\/painel.degrausconcursos.com.br\/pt\/produto\/colegio-militar-1-ano\/","title":{"rendered":"Col\u00e9gio Militar 1\u00ba ano"},"content":{"rendered":"<p>Se voc\u00ea est\u00e1 se preparando para o concurso do Col\u00e9gio Militar 9\u00ba ano, temos uma \u00f3tima not\u00edcia para voc\u00ea! Nossa apostila foi elaborada exclusivamente pelo nosso time de professores, e \u00e9 totalmente voltada para suprir as necessidades do edital do concurso.<\/p>\n<p>Completamente atualizada, a apostila cont\u00e9m informa\u00e7\u00f5es valiosas em mat\u00e9rias essenciais como <strong>Portugu\u00eas, Matem\u00e1tica e Reda\u00e7\u00e3o<\/strong>, com um total de <strong>314 p\u00e1ginas<\/strong>. Todo o conte\u00fado foi desenvolvido para complementar nossas aulas ao vivo, gravadas ou presenciais, oferecendo aos nossos alunos um amparo ainda maior na sua jornada de estudos.<\/p>\n<p>A apostila Col\u00e9gio Militar 9\u00ba ano \u00e9 o material ideal para quem busca um preparo mais completo e aprofundado. Com ela, voc\u00ea ter\u00e1 acesso a um conte\u00fado elaborado por profissionais altamente qualificados, que possuem anos de experi\u00eancia na prepara\u00e7\u00e3o de alunos para concursos e vestibulares.<\/p>\n<p>N\u00e3o perca mais tempo e garanta agora mesmo a sua apostila! Com ela, voc\u00ea estar\u00e1 ainda mais preparado para enfrentar os desafios do concurso do Col\u00e9gio Militar 9\u00ba ano e alcan\u00e7ar o sucesso que tanto deseja.<\/p>\n<p>&nbsp;<\/p>\n<p><strong>&gt;&gt;&gt;&gt;&gt;&gt;&gt;&gt;&gt;&gt;&gt;&gt;&gt;&gt;&gt; Prazo de entrega de 7 a 15 dias \u00fateis\u00a0 &lt;&lt;&lt;&lt;&lt;&lt;&lt;&lt;&lt;&lt;&lt;&lt;&lt;&lt;&lt;<\/strong><\/p>\n","protected":false},"excerpt":{"rendered":"<p>Se voc\u00ea est\u00e1 se preparando para o concurso do Col\u00e9gio Militar 9\u00ba ano, temos uma \u00f3tima not\u00edcia para voc\u00ea! Nossa apostila foi elaborada exclusivamente pelo&hellip;<\/p>\n","protected":false},"featured_media":33838,"template":"","meta":[],"product_brand":[],"product_cat":[164],"product_tag":[],"wf_product_folders":[],"class_list":{"0":"post-33776","1":"product","2":"type-product","3":"status-publish","4":"has-post-thumbnail","6":"product_cat-apostilas","8":"first","9":"instock","10":"sold-individually","11":"shipping-taxable","12":"purchasable","13":"product-type-simple"},"_links":{"self":[{"href":"https:\/\/painel.degrausconcursos.com.br\/pt\/wp-json\/wp\/v2\/product\/33776","targetHints":{"allow":["GET"]}}],"collection":[{"href":"https:\/\/painel.degrausconcursos.com.br\/pt\/wp-json\/wp\/v2\/product"}],"about":[{"href":"https:\/\/painel.degrausconcursos.com.br\/pt\/wp-json\/wp\/v2\/types\/product"}],"wp:featuredmedia":[{"embeddable":true,"href":"https:\/\/painel.degrausconcursos.com.br\/pt\/wp-json\/wp\/v2\/media\/33838"}],"wp:attachment":[{"href":"https:\/\/painel.degrausconcursos.com.br\/pt\/wp-json\/wp\/v2\/media?parent=33776"}],"wp:term":[{"taxonomy":"product_brand","embeddable":true,"href":"https:\/\/painel.degrausconcursos.com.br\/pt\/wp-json\/wp\/v2\/product_brand?post=33776"},{"taxonomy":"product_cat","embeddable":true,"href":"https:\/\/painel.degrausconcursos.com.br\/pt\/wp-json\/wp\/v2\/product_cat?post=33776"},{"taxonomy":"product_tag","embeddable":true,"href":"https:\/\/painel.degrausconcursos.com.br\/pt\/wp-json\/wp\/v2\/product_tag?post=33776"},{"taxonomy":"wf_product_folders","embeddable":true,"href":"https:\/\/painel.degrausconcursos.com.br\/pt\/wp-json\/wp\/v2\/wf_product_folders?post=33776"}],"curies":[{"name":"wp","href":"https:\/\/api.w.org\/{rel}","templated":true}]}}