{"id":40526,"date":"2023-06-12T11:10:33","date_gmt":"2023-06-12T14:10:33","guid":{"rendered":"https:\/\/painel.degrausconcursos.com.br\/?post_type=product&#038;p=40526"},"modified":"2026-04-08T18:27:27","modified_gmt":"2026-04-08T21:27:27","slug":"apostila-cfoe-gerais","status":"publish","type":"product","link":"https:\/\/painel.degrausconcursos.com.br\/pt\/produto\/apostila-cfoe-gerais\/","title":{"rendered":"Apostila CFOE Gerais"},"content":{"rendered":"<p>Se voc\u00ea est\u00e1 em busca de uma apostila completa para se preparar para o CFOE 2026, voc\u00ea est\u00e1 no lugar certo! Nossa Apostila CFOE Gerais 2026 cont\u00e9m mat\u00e9rias como Portugu\u00eas, Matem\u00e1tica, Reda\u00e7\u00e3o e Ingl\u00eas, oferecendo todo o suporte necess\u00e1rio para o seu sucesso.<\/p>\n<p>Nossa apostila \u00e9 elaborada por profissionais experientes e traz um conte\u00fado te\u00f3rico abrangente, acompanhado de exerc\u00edcios que o ajudar\u00e3o a se preparar de forma eficiente para o exame. Al\u00e9m disso, todos os materiais s\u00e3o atualizados de acordo com as \u00faltimas mudan\u00e7as nas leis e regulamenta\u00e7\u00f5es, garantindo que voc\u00ea esteja bem informado.<\/p>\n<p>Com os m\u00f3dulos dispon\u00edveis em nossa apostila, voc\u00ea ter\u00e1 acesso a todas as mat\u00e9rias essenciais para o CFOE Gerais 2026. Em Portugu\u00eas, abordamos t\u00f3picos como gram\u00e1tica, literatura e interpreta\u00e7\u00e3o de texto, proporcionando uma base s\u00f3lida para o seu desempenho na prova. J\u00e1 em Matem\u00e1tica, oferecemos conte\u00fados que abrangem desde as opera\u00e7\u00f5es b\u00e1sicas at\u00e9 quest\u00f5es mais complexas, permitindo que voc\u00ea desenvolva suas habilidades num\u00e9ricas.<\/p>\n<p>A Reda\u00e7\u00e3o \u00e9 uma parte fundamental do concurso, e nossa apostila traz orienta\u00e7\u00f5es sobre t\u00e9cnicas de escrita, estrutura e temas frequentemente abordados. Com os exemplos e exerc\u00edcios propostos, voc\u00ea poder\u00e1 aprimorar sua capacidade de argumenta\u00e7\u00e3o e express\u00e3o escrita. Al\u00e9m disso, o Ingl\u00eas \u00e9 uma disciplina cada vez mais exigida, e nossa apostila conta com conte\u00fado atualizado para que voc\u00ea se familiarize com os principais t\u00f3picos da l\u00edngua inglesa.<\/p>\n<p>Ao adquirir a nossa apostila CFOE Gerais 2026, voc\u00ea ter\u00e1 em m\u00e3os um material completo e confi\u00e1vel, desenvolvido por uma equipe altamente qualificada e comprometida com o seu sucesso. N\u00e3o perca mais tempo! Invista no seu futuro e garanta sua prepara\u00e7\u00e3o adequada para o CFOE Gerais 2026. Adquira agora mesmo a nossa apostila e esteja pronto para enfrentar os desafios que o aguardam.<\/p>\n","protected":false},"excerpt":{"rendered":"<p>Se voc\u00ea est\u00e1 em busca de uma apostila completa para se preparar para o CFOE 2026, voc\u00ea est\u00e1 no lugar certo! Nossa Apostila CFOE Gerais&hellip;<\/p>\n","protected":false},"featured_media":40528,"template":"","meta":[],"product_brand":[],"product_cat":[164],"product_tag":[],"wf_product_folders":[],"class_list":{"0":"post-40526","1":"product","2":"type-product","3":"status-publish","4":"has-post-thumbnail","6":"product_cat-apostilas","8":"first","9":"instock","10":"sold-individually","11":"shipping-taxable","12":"purchasable","13":"product-type-simple"},"_links":{"self":[{"href":"https:\/\/painel.degrausconcursos.com.br\/pt\/wp-json\/wp\/v2\/product\/40526","targetHints":{"allow":["GET"]}}],"collection":[{"href":"https:\/\/painel.degrausconcursos.com.br\/pt\/wp-json\/wp\/v2\/product"}],"about":[{"href":"https:\/\/painel.degrausconcursos.com.br\/pt\/wp-json\/wp\/v2\/types\/product"}],"wp:featuredmedia":[{"embeddable":true,"href":"https:\/\/painel.degrausconcursos.com.br\/pt\/wp-json\/wp\/v2\/media\/40528"}],"wp:attachment":[{"href":"https:\/\/painel.degrausconcursos.com.br\/pt\/wp-json\/wp\/v2\/media?parent=40526"}],"wp:term":[{"taxonomy":"product_brand","embeddable":true,"href":"https:\/\/painel.degrausconcursos.com.br\/pt\/wp-json\/wp\/v2\/product_brand?post=40526"},{"taxonomy":"product_cat","embeddable":true,"href":"https:\/\/painel.degrausconcursos.com.br\/pt\/wp-json\/wp\/v2\/product_cat?post=40526"},{"taxonomy":"product_tag","embeddable":true,"href":"https:\/\/painel.degrausconcursos.com.br\/pt\/wp-json\/wp\/v2\/product_tag?post=40526"},{"taxonomy":"wf_product_folders","embeddable":true,"href":"https:\/\/painel.degrausconcursos.com.br\/pt\/wp-json\/wp\/v2\/wf_product_folders?post=40526"}],"curies":[{"name":"wp","href":"https:\/\/api.w.org\/{rel}","templated":true}]}}