{"id":66281,"date":"2024-06-16T12:44:52","date_gmt":"2024-06-16T15:44:52","guid":{"rendered":"https:\/\/painel.degrausconcursos.com.br\/?post_type=product&#038;p=66281"},"modified":"2026-04-08T18:27:27","modified_gmt":"2026-04-08T21:27:27","slug":"apostila-eaof-com-breve-copia","status":"publish","type":"product","link":"https:\/\/painel.degrausconcursos.com.br\/pt\/produto\/apostila-eaof-com-breve-copia\/","title":{"rendered":"Apostila CFOE COM"},"content":{"rendered":"<p>Apresentamos a Apostila CFOE COM 2026, a ferramenta essencial para o seu sucesso no CFOE. Desenvolvida com o intuito de abranger todo o conte\u00fado ministrado no edital, ela aborda de forma completa e abrangente os principais temas exigidos no processo seletivo.<\/p>\n<p>Com um cuidadoso planejamento, a Apostila CFOE COM 2026 contempla as disciplinas de Eletricidade B\u00e1sica, Eletr\u00f4nica Digital, Telecomunica\u00e7\u00f5es e Eletr\u00f4nica Anal\u00f3gica. Esses s\u00e3o os pilares fundamentais do conhecimento necess\u00e1rios para o sucesso na sele\u00e7\u00e3o.<\/p>\n<p>Elaborada por especialistas no assunto, a apostila traz uma abordagem did\u00e1tica e aprofundada de cada tema, com explica\u00e7\u00f5es claras, exemplos pr\u00e1ticos e exerc\u00edcios de fixa\u00e7\u00e3o. Com isso, voc\u00ea ter\u00e1 uma compreens\u00e3o s\u00f3lida de todos os conte\u00fados exigidos, garantindo um estudo eficiente e direcionado.<\/p>\n<p>A Apostila CFOE COM 2026 conta com 876 p\u00e1ginas, proporcionando uma organiza\u00e7\u00e3o estruturada e facilitando a sua jornada de estudos. Al\u00e9m disso, ela possui um pr\u00e1tico modelo espiral, que permite uma f\u00e1cil consulta e manuseio, auxiliando na sua produtividade e no aproveitamento do tempo dedicado aos estudos.<\/p>\n<p>Com a Apostila CFOE COM 2026 em m\u00e3os, voc\u00ea estar\u00e1 preparado(a) para enfrentar com confian\u00e7a todas as etapas do processo seletivo. Adquira agora mesmo e d\u00ea um passo importante em dire\u00e7\u00e3o \u00e0 conquista do seu objetivo. Invista no seu futuro e garanta uma prepara\u00e7\u00e3o completa e eficaz para a CFOE COM 2026!<\/p>\n","protected":false},"excerpt":{"rendered":"<p>Apresentamos a Apostila CFOE COM 2026, a ferramenta essencial para o seu sucesso no CFOE. Desenvolvida com o intuito de abranger todo o conte\u00fado ministrado&hellip;<\/p>\n","protected":false},"featured_media":66282,"template":"","meta":[],"product_brand":[],"product_cat":[164],"product_tag":[],"wf_product_folders":[],"class_list":{"0":"post-66281","1":"product","2":"type-product","3":"status-publish","4":"has-post-thumbnail","6":"product_cat-apostilas","8":"first","9":"instock","10":"sold-individually","11":"shipping-taxable","12":"purchasable","13":"product-type-simple"},"_links":{"self":[{"href":"https:\/\/painel.degrausconcursos.com.br\/pt\/wp-json\/wp\/v2\/product\/66281","targetHints":{"allow":["GET"]}}],"collection":[{"href":"https:\/\/painel.degrausconcursos.com.br\/pt\/wp-json\/wp\/v2\/product"}],"about":[{"href":"https:\/\/painel.degrausconcursos.com.br\/pt\/wp-json\/wp\/v2\/types\/product"}],"wp:featuredmedia":[{"embeddable":true,"href":"https:\/\/painel.degrausconcursos.com.br\/pt\/wp-json\/wp\/v2\/media\/66282"}],"wp:attachment":[{"href":"https:\/\/painel.degrausconcursos.com.br\/pt\/wp-json\/wp\/v2\/media?parent=66281"}],"wp:term":[{"taxonomy":"product_brand","embeddable":true,"href":"https:\/\/painel.degrausconcursos.com.br\/pt\/wp-json\/wp\/v2\/product_brand?post=66281"},{"taxonomy":"product_cat","embeddable":true,"href":"https:\/\/painel.degrausconcursos.com.br\/pt\/wp-json\/wp\/v2\/product_cat?post=66281"},{"taxonomy":"product_tag","embeddable":true,"href":"https:\/\/painel.degrausconcursos.com.br\/pt\/wp-json\/wp\/v2\/product_tag?post=66281"},{"taxonomy":"wf_product_folders","embeddable":true,"href":"https:\/\/painel.degrausconcursos.com.br\/pt\/wp-json\/wp\/v2\/wf_product_folders?post=66281"}],"curies":[{"name":"wp","href":"https:\/\/api.w.org\/{rel}","templated":true}]}}