{"id":67488,"date":"2024-07-03T21:24:41","date_gmt":"2024-07-04T00:24:41","guid":{"rendered":"https:\/\/painel.degrausconcursos.com.br\/?post_type=product&#038;p=67488"},"modified":"2026-03-05T16:54:29","modified_gmt":"2026-03-05T19:54:29","slug":"apostila-cfoe-bct","status":"publish","type":"product","link":"https:\/\/painel.degrausconcursos.com.br\/pt\/produto\/apostila-cfoe-bct\/","title":{"rendered":"Apostila CFOE BCT"},"content":{"rendered":"<p>Se voc\u00ea est\u00e1 em busca de uma apostila para se preparar para o CFOE BCT 2026, voc\u00ea est\u00e1 no lugar certo! Nossa Apostila CFOE Gerais 2026 cont\u00e9m a parte espec\u00edfica oferecendo todo o suporte necess\u00e1rio para o seu sucesso.<\/p>\n<p>Nossa apostila \u00e9 elaborada por profissionais experientes e traz um conte\u00fado te\u00f3rico abrangente, acompanhado de exerc\u00edcios que o ajudar\u00e3o a se preparar de forma eficiente para o exame. Al\u00e9m disso, todos os materiais s\u00e3o atualizados de acordo com as \u00faltimas mudan\u00e7as nas leis e regulamenta\u00e7\u00f5es, garantindo que voc\u00ea esteja bem informado.<\/p>\n<p>Ao adquirir a nossa apostila CFOE Gerais 2026, voc\u00ea ter\u00e1 em m\u00e3os um material completo e confi\u00e1vel, desenvolvido por uma equipe altamente qualificada e comprometida com o seu sucesso. N\u00e3o perca mais tempo! Invista no seu futuro e garanta sua prepara\u00e7\u00e3o adequada para o CFOE Gerais 2026. Adquira agora mesmo a nossa apostila e esteja pronto para enfrentar os desafios que o aguardam.<\/p>\n","protected":false},"excerpt":{"rendered":"<p>Se voc\u00ea est\u00e1 em busca de uma apostila para se preparar para o CFOE BCT 2026, voc\u00ea est\u00e1 no lugar certo! Nossa Apostila CFOE Gerais&hellip;<\/p>\n","protected":false},"featured_media":67489,"template":"","meta":[],"product_brand":[],"product_cat":[164],"product_tag":[],"wf_product_folders":[],"class_list":{"0":"post-67488","1":"product","2":"type-product","3":"status-publish","4":"has-post-thumbnail","6":"product_cat-apostilas","8":"first","9":"instock","10":"sold-individually","11":"shipping-taxable","12":"purchasable","13":"product-type-simple"},"_links":{"self":[{"href":"https:\/\/painel.degrausconcursos.com.br\/pt\/wp-json\/wp\/v2\/product\/67488","targetHints":{"allow":["GET"]}}],"collection":[{"href":"https:\/\/painel.degrausconcursos.com.br\/pt\/wp-json\/wp\/v2\/product"}],"about":[{"href":"https:\/\/painel.degrausconcursos.com.br\/pt\/wp-json\/wp\/v2\/types\/product"}],"wp:featuredmedia":[{"embeddable":true,"href":"https:\/\/painel.degrausconcursos.com.br\/pt\/wp-json\/wp\/v2\/media\/67489"}],"wp:attachment":[{"href":"https:\/\/painel.degrausconcursos.com.br\/pt\/wp-json\/wp\/v2\/media?parent=67488"}],"wp:term":[{"taxonomy":"product_brand","embeddable":true,"href":"https:\/\/painel.degrausconcursos.com.br\/pt\/wp-json\/wp\/v2\/product_brand?post=67488"},{"taxonomy":"product_cat","embeddable":true,"href":"https:\/\/painel.degrausconcursos.com.br\/pt\/wp-json\/wp\/v2\/product_cat?post=67488"},{"taxonomy":"product_tag","embeddable":true,"href":"https:\/\/painel.degrausconcursos.com.br\/pt\/wp-json\/wp\/v2\/product_tag?post=67488"},{"taxonomy":"wf_product_folders","embeddable":true,"href":"https:\/\/painel.degrausconcursos.com.br\/pt\/wp-json\/wp\/v2\/wf_product_folders?post=67488"}],"curies":[{"name":"wp","href":"https:\/\/api.w.org\/{rel}","templated":true}]}}