{"id":75592,"date":"2024-10-28T10:04:43","date_gmt":"2024-10-28T13:04:43","guid":{"rendered":"https:\/\/painel.degrausconcursos.com.br\/?post_type=product&#038;p=75592"},"modified":"2026-03-05T16:58:58","modified_gmt":"2026-03-05T19:58:58","slug":"apostila-chqao-musica-edicao-completa-copia","status":"publish","type":"product","link":"https:\/\/painel.degrausconcursos.com.br\/pt\/produto\/apostila-chqao-musica-edicao-completa-copia\/","title":{"rendered":"Apostila CHQAO M\u00fasica &#8211; Edi\u00e7\u00e3o Completa"},"content":{"rendered":"<ul>\n<li>\n<blockquote><p>Se voc\u00ea est\u00e1 em busca de uma apostila impressa completa para se preparar para o CHQAO voc\u00ea est\u00e1 no lugar certo! Nossa apostila conta com conte\u00fado te\u00f3rico e exerc\u00edcios para ajud\u00e1-lo a alcan\u00e7ar o sucesso.<\/p><\/blockquote>\n<\/li>\n<\/ul>\n<p>Nossa apostila \u00e9 composta por diversos m\u00f3dulos, com mat\u00e9rias essenciais<strong>\u00a0Teoria B\u00e1sica em Geral(M\u00fasica), Harmonia elementar e funcional, Per\u00edodos da hist\u00f3ria da m\u00fasica<\/strong>. Todo o conte\u00fado \u00e9 escrito por profissionais experientes e atualizado de acordo com as \u00faltimas mudan\u00e7as nas leis e regulamenta\u00e7\u00f5es.<\/p>\n<p>Com a nossa apostila em m\u00e3os, voc\u00ea ter\u00e1 todas as informa\u00e7\u00f5es e exerc\u00edcios que precisa para se preparar adequadamente para qualquer concurso ou prova que exija conhecimentos nessas \u00e1reas. Al\u00e9m disso, nossos materiais s\u00e3o extremamente completos e confi\u00e1veis, pois foram desenvolvidos por uma equipe altamente qualificada, experiente no concurso e comprometida com o sucesso dos nossos alunos.<\/p>\n<p>N\u00e3o perca mais tempo! Invista no seu futuro e adquira agora mesmo a nossa apostila impressa. Garantimos que voc\u00ea n\u00e3o ir\u00e1 se arrepender, e estar\u00e1 muito mais preparado para os desafios que vir\u00e3o pela frente.<\/p>\n<p><b>MODELO: Aspiral<\/b><\/p>\n","protected":false},"excerpt":{"rendered":"<p>Se voc\u00ea est\u00e1 em busca de uma apostila impressa completa para se preparar para o CHQAO voc\u00ea est\u00e1 no lugar certo! Nossa apostila conta com&hellip;<\/p>\n","protected":false},"featured_media":75593,"template":"","meta":[],"product_brand":[],"product_cat":[164],"product_tag":[],"wf_product_folders":[],"class_list":{"0":"post-75592","1":"product","2":"type-product","3":"status-publish","4":"has-post-thumbnail","6":"product_cat-apostilas","8":"first","9":"instock","10":"sold-individually","11":"shipping-taxable","12":"purchasable","13":"product-type-simple"},"_links":{"self":[{"href":"https:\/\/painel.degrausconcursos.com.br\/pt\/wp-json\/wp\/v2\/product\/75592","targetHints":{"allow":["GET"]}}],"collection":[{"href":"https:\/\/painel.degrausconcursos.com.br\/pt\/wp-json\/wp\/v2\/product"}],"about":[{"href":"https:\/\/painel.degrausconcursos.com.br\/pt\/wp-json\/wp\/v2\/types\/product"}],"wp:featuredmedia":[{"embeddable":true,"href":"https:\/\/painel.degrausconcursos.com.br\/pt\/wp-json\/wp\/v2\/media\/75593"}],"wp:attachment":[{"href":"https:\/\/painel.degrausconcursos.com.br\/pt\/wp-json\/wp\/v2\/media?parent=75592"}],"wp:term":[{"taxonomy":"product_brand","embeddable":true,"href":"https:\/\/painel.degrausconcursos.com.br\/pt\/wp-json\/wp\/v2\/product_brand?post=75592"},{"taxonomy":"product_cat","embeddable":true,"href":"https:\/\/painel.degrausconcursos.com.br\/pt\/wp-json\/wp\/v2\/product_cat?post=75592"},{"taxonomy":"product_tag","embeddable":true,"href":"https:\/\/painel.degrausconcursos.com.br\/pt\/wp-json\/wp\/v2\/product_tag?post=75592"},{"taxonomy":"wf_product_folders","embeddable":true,"href":"https:\/\/painel.degrausconcursos.com.br\/pt\/wp-json\/wp\/v2\/wf_product_folders?post=75592"}],"curies":[{"name":"wp","href":"https:\/\/api.w.org\/{rel}","templated":true}]}}