{"id":985,"date":"2021-12-21T19:50:33","date_gmt":"2021-12-21T19:50:33","guid":{"rendered":"http:\/\/degrausconcursos.com.br\/?post_type=product&#038;p=985"},"modified":"2025-05-24T20:06:42","modified_gmt":"2025-05-24T23:06:42","slug":"apostila-espcex","status":"publish","type":"product","link":"https:\/\/painel.degrausconcursos.com.br\/pt\/produto\/apostila-espcex\/","title":{"rendered":"Apostila EsPCEx"},"content":{"rendered":"<p>Se voc\u00ea est\u00e1 se preparando para o concurso da EsPCEx, precisa conhecer a nossa apostila! Ela foi elaborada por uma das melhores equipes de professores do Degraus Concursos, em parceria com os principais consultores da editora FTD, para suprir todas as necessidades de acordo com o edital do concurso.<\/p>\n<p>A apostila EsPCEx \u00e9 completamente atualizada e conta com um conte\u00fado abrangente em mat\u00e9rias essenciais como<strong> Portugu\u00eas, Matem\u00e1tica, Hist\u00f3ria, Geografia, F\u00edsica, Qu\u00edmica e Ingl\u00eas<\/strong>. Al\u00e9m disso, ela \u00e9 acompanhada de exerc\u00edcios para que voc\u00ea possa praticar e fixar todo o conte\u00fado.<\/p>\n<p>Todo o material foi desenvolvido com base na nossa vasta experi\u00eancia em preparar alunos para concursos e vestibulares. Por isso, voc\u00ea pode ter certeza de que estar\u00e1 estudando com um material de qualidade, que oferece todo o amparo necess\u00e1rio para a sua jornada de estudos.<\/p>\n<p>N\u00e3o perca mais tempo e garanta agora mesmo a sua apostila EsPCEx! Com ela, voc\u00ea estar\u00e1 ainda mais preparado para enfrentar os desafios do concurso e alcan\u00e7ar o sucesso que tanto deseja. Aproveite essa oportunidade \u00fanica e comece a sua prepara\u00e7\u00e3o agora mesmo!<\/p>\n<p>&nbsp;<\/p>\n<p><strong>&gt;&gt;&gt;&gt;&gt;&gt;&gt;&gt;&gt;&gt;&gt;&gt;&gt;&gt;&gt; Prazo de entrega de 7 a 15 dias \u00fateis\u00a0 &lt;&lt;&lt;&lt;&lt;&lt;&lt;&lt;&lt;&lt;&lt;&lt;&lt;&lt;&lt;<\/strong><\/p>\n","protected":false},"excerpt":{"rendered":"<p>Se voc\u00ea est\u00e1 se preparando para o concurso da EsPCEx, precisa conhecer a nossa apostila! Ela foi elaborada por uma das melhores equipes de professores&hellip;<\/p>\n","protected":false},"featured_media":33834,"template":"","meta":[],"product_brand":[],"product_cat":[164],"product_tag":[],"wf_product_folders":[],"class_list":{"0":"post-985","1":"product","2":"type-product","3":"status-publish","4":"has-post-thumbnail","6":"product_cat-apostilas","8":"first","9":"instock","10":"sold-individually","11":"shipping-taxable","12":"purchasable","13":"product-type-simple"},"_links":{"self":[{"href":"https:\/\/painel.degrausconcursos.com.br\/pt\/wp-json\/wp\/v2\/product\/985","targetHints":{"allow":["GET"]}}],"collection":[{"href":"https:\/\/painel.degrausconcursos.com.br\/pt\/wp-json\/wp\/v2\/product"}],"about":[{"href":"https:\/\/painel.degrausconcursos.com.br\/pt\/wp-json\/wp\/v2\/types\/product"}],"wp:featuredmedia":[{"embeddable":true,"href":"https:\/\/painel.degrausconcursos.com.br\/pt\/wp-json\/wp\/v2\/media\/33834"}],"wp:attachment":[{"href":"https:\/\/painel.degrausconcursos.com.br\/pt\/wp-json\/wp\/v2\/media?parent=985"}],"wp:term":[{"taxonomy":"product_brand","embeddable":true,"href":"https:\/\/painel.degrausconcursos.com.br\/pt\/wp-json\/wp\/v2\/product_brand?post=985"},{"taxonomy":"product_cat","embeddable":true,"href":"https:\/\/painel.degrausconcursos.com.br\/pt\/wp-json\/wp\/v2\/product_cat?post=985"},{"taxonomy":"product_tag","embeddable":true,"href":"https:\/\/painel.degrausconcursos.com.br\/pt\/wp-json\/wp\/v2\/product_tag?post=985"},{"taxonomy":"wf_product_folders","embeddable":true,"href":"https:\/\/painel.degrausconcursos.com.br\/pt\/wp-json\/wp\/v2\/wf_product_folders?post=985"}],"curies":[{"name":"wp","href":"https:\/\/api.w.org\/{rel}","templated":true}]}}