{"id":987,"date":"2021-12-21T19:53:41","date_gmt":"2021-12-21T19:53:41","guid":{"rendered":"http:\/\/degrausconcursos.com.br\/?post_type=product&#038;p=987"},"modified":"2024-10-03T17:28:05","modified_gmt":"2024-10-03T20:28:05","slug":"apostila-eear","status":"publish","type":"product","link":"https:\/\/painel.degrausconcursos.com.br\/pt\/produto\/apostila-eear\/","title":{"rendered":"Apostila EEAr"},"content":{"rendered":"<p>Se voc\u00ea est\u00e1 se preparando para o concurso da EEAr, temos uma \u00f3tima not\u00edcia para voc\u00ea! Nossa apostila foi elaborada exclusivamente pelo nosso time de professores, e \u00e9 totalmente voltada para suprir as necessidades do edital do concurso.<\/p>\n<p>Completamente atualizada, a apostila cont\u00e9m informa\u00e7\u00f5es valiosas em mat\u00e9rias essenciais como <strong>Portugu\u00eas, Matem\u00e1tica, F\u00edsica e Ingl\u00eas<\/strong>. Todo o conte\u00fado foi desenvolvido para complementar nossas aulas ao vivo, gravadas ou presenciais, oferecendo aos nossos alunos um amparo ainda maior na sua jornada de estudos.<\/p>\n<p>A apostila EEAr \u00e9 o material ideal para quem busca um preparo mais completo e aprofundado. Com ela, voc\u00ea ter\u00e1 acesso a um conte\u00fado elaborado por profissionais altamente qualificados, que possuem anos de experi\u00eancia na prepara\u00e7\u00e3o de alunos para concursos e vestibulares.<\/p>\n<p>N\u00e3o perca mais tempo e garanta agora mesmo a sua apostila! Com ela, voc\u00ea estar\u00e1 ainda mais preparado para enfrentar os desafios do concurso da EEAr e alcan\u00e7ar o sucesso que tanto deseja.<\/p>\n<p><strong>&gt;&gt;&gt;&gt;&gt;&gt;&gt;&gt;&gt;&gt;&gt;&gt;&gt;&gt;&gt; Prazo de entrega de 7 a 15 dias \u00fateis\u00a0 &lt;&lt;&lt;&lt;&lt;&lt;&lt;&lt;&lt;&lt;&lt;&lt;&lt;&lt;&lt;<\/strong><\/p>\n","protected":false},"excerpt":{"rendered":"<p>Se voc\u00ea est\u00e1 se preparando para o concurso da EEAr, temos uma \u00f3tima not\u00edcia para voc\u00ea! Nossa apostila foi elaborada exclusivamente pelo nosso time de&hellip;<\/p>\n","protected":false},"featured_media":40530,"template":"","meta":[],"product_brand":[],"product_cat":[164],"product_tag":[],"wf_product_folders":[],"class_list":{"0":"post-987","1":"product","2":"type-product","3":"status-publish","4":"has-post-thumbnail","6":"product_cat-apostilas","8":"first","9":"instock","10":"sold-individually","11":"shipping-taxable","12":"purchasable","13":"product-type-simple"},"_links":{"self":[{"href":"https:\/\/painel.degrausconcursos.com.br\/pt\/wp-json\/wp\/v2\/product\/987","targetHints":{"allow":["GET"]}}],"collection":[{"href":"https:\/\/painel.degrausconcursos.com.br\/pt\/wp-json\/wp\/v2\/product"}],"about":[{"href":"https:\/\/painel.degrausconcursos.com.br\/pt\/wp-json\/wp\/v2\/types\/product"}],"wp:featuredmedia":[{"embeddable":true,"href":"https:\/\/painel.degrausconcursos.com.br\/pt\/wp-json\/wp\/v2\/media\/40530"}],"wp:attachment":[{"href":"https:\/\/painel.degrausconcursos.com.br\/pt\/wp-json\/wp\/v2\/media?parent=987"}],"wp:term":[{"taxonomy":"product_brand","embeddable":true,"href":"https:\/\/painel.degrausconcursos.com.br\/pt\/wp-json\/wp\/v2\/product_brand?post=987"},{"taxonomy":"product_cat","embeddable":true,"href":"https:\/\/painel.degrausconcursos.com.br\/pt\/wp-json\/wp\/v2\/product_cat?post=987"},{"taxonomy":"product_tag","embeddable":true,"href":"https:\/\/painel.degrausconcursos.com.br\/pt\/wp-json\/wp\/v2\/product_tag?post=987"},{"taxonomy":"wf_product_folders","embeddable":true,"href":"https:\/\/painel.degrausconcursos.com.br\/pt\/wp-json\/wp\/v2\/wf_product_folders?post=987"}],"curies":[{"name":"wp","href":"https:\/\/api.w.org\/{rel}","templated":true}]}}